{"id":2033,"date":"2025-06-25T21:44:29","date_gmt":"2025-06-25T21:44:29","guid":{"rendered":"https:\/\/rcrmty.com.mx\/?page_id=2033"},"modified":"2025-06-25T21:44:29","modified_gmt":"2025-06-25T21:44:29","slug":"nosotros","status":"publish","type":"page","link":"https:\/\/rcrmty.com.mx\/?page_id=2033","title":{"rendered":"Nosotros"},"content":{"rendered":"<p>[et_pb_section fb_built=&#8221;1&#8243; _builder_version=&#8221;4.27.4&#8243; _module_preset=&#8221;default&#8221; hover_enabled=&#8221;0&#8243; global_colors_info=&#8221;{}&#8221; title_text=&#8221;fondo 3&#8243; background_image=&#8221;https:\/\/rcrmty.com.mx\/wp-content\/uploads\/2025\/06\/fondo-3.png&#8221; sticky_enabled=&#8221;0&#8243;][et_pb_row _builder_version=&#8221;4.27.4&#8243; _module_preset=&#8221;default&#8221; global_colors_info=&#8221;{}&#8221;][et_pb_column type=&#8221;4_4&#8243; _builder_version=&#8221;4.27.4&#8243; _module_preset=&#8221;default&#8221; global_colors_info=&#8221;{}&#8221;][et_pb_text _builder_version=&#8221;4.27.4&#8243; _module_preset=&#8221;default&#8221; hover_enabled=&#8221;0&#8243; global_colors_info=&#8221;{}&#8221; header_font=&#8221;Poppins||||||||&#8221; header_font_size=&#8221;52px&#8221; header_text_color=&#8221;#FFFFFF&#8221; sticky_enabled=&#8221;0&#8243;]<\/p>\n<h1>Nosotros<\/h1>\n<p>[\/et_pb_text][\/et_pb_column][\/et_pb_row][\/et_pb_section][et_pb_section fb_built=&#8221;1&#8243; theme_builder_area=&#8221;post_content&#8221; _builder_version=&#8221;4.27.4&#8243; _module_preset=&#8221;default&#8221;][et_pb_row _builder_version=&#8221;4.27.4&#8243; _module_preset=&#8221;default&#8221; theme_builder_area=&#8221;post_content&#8221; column_structure=&#8221;3_5,2_5&#8243;][et_pb_column _builder_version=&#8221;4.27.4&#8243; _module_preset=&#8221;default&#8221; type=&#8221;3_5&#8243; theme_builder_area=&#8221;post_content&#8221;][et_pb_text _builder_version=&#8221;4.27.4&#8243; _module_preset=&#8221;default&#8221; theme_builder_area=&#8221;post_content&#8221; text_font=&#8221;Poppins|500|||||||&#8221; text_font_size=&#8221;18px&#8221; hover_enabled=&#8221;0&#8243; sticky_enabled=&#8221;0&#8243;]<\/p>\n<p>Somos una empresa fundada en 1989 con la finalidad de satisfacer el creciente mercado de art\u00edculos promocionales, suministrando art\u00edculos en blanco para agencias de publicidad y serigrafistas, importando productos de los Estados Unidos y otros pa\u00edses.<\/p>\n<p>A ra\u00edz de la creciente demanda por nuestros productos y la demanda de nuestros clientes por aumentar nuestra l\u00ednea de productos en 1992 iniciamos alianzas con importadores nacionales del ramo para ampliar nuestra gama de productos logrando incrementarla de 10 art\u00edculos a mas de 2500 lo cual nos ha permitido liderar el mercado de la zona norte del pa\u00eds, lo cual queremos seguir haci\u00e9ndolo con la ayuda de nuestros distribuidores y cuidando la calidad y precios de nuestros productos.<\/p>\n<p>[\/et_pb_text][\/et_pb_column][et_pb_column _builder_version=&#8221;4.27.4&#8243; _module_preset=&#8221;default&#8221; type=&#8221;2_5&#8243; theme_builder_area=&#8221;post_content&#8221;][et_pb_image src=&#8221;https:\/\/rcrmty.com.mx\/wp-content\/uploads\/2025\/06\/logo-1-1.jpg&#8221; _builder_version=&#8221;4.27.4&#8243; _module_preset=&#8221;default&#8221; theme_builder_area=&#8221;post_content&#8221; title_text=&#8221;logo-1&#8243; force_fullwidth=&#8221;on&#8221; hover_enabled=&#8221;0&#8243; sticky_enabled=&#8221;0&#8243;][\/et_pb_image][\/et_pb_column][\/et_pb_row][\/et_pb_section]<\/p>\n","protected":false},"excerpt":{"rendered":"<p>NosotrosSomos una empresa fundada en 1989 con la finalidad de satisfacer el creciente mercado de art\u00edculos promocionales, suministrando art\u00edculos en blanco para agencias de publicidad y serigrafistas, importando productos de los Estados Unidos y otros pa\u00edses. A ra\u00edz de la creciente demanda por nuestros productos y la demanda de nuestros clientes por aumentar nuestra l\u00ednea [&hellip;]<\/p>\n","protected":false},"author":1,"featured_media":0,"parent":0,"menu_order":0,"comment_status":"closed","ping_status":"closed","template":"","meta":{"_et_pb_use_builder":"on","_et_pb_old_content":"","_et_gb_content_width":"","footnotes":""},"class_list":["post-2033","page","type-page","status-publish","hentry"],"_links":{"self":[{"href":"https:\/\/rcrmty.com.mx\/index.php?rest_route=\/wp\/v2\/pages\/2033","targetHints":{"allow":["GET"]}}],"collection":[{"href":"https:\/\/rcrmty.com.mx\/index.php?rest_route=\/wp\/v2\/pages"}],"about":[{"href":"https:\/\/rcrmty.com.mx\/index.php?rest_route=\/wp\/v2\/types\/page"}],"author":[{"embeddable":true,"href":"https:\/\/rcrmty.com.mx\/index.php?rest_route=\/wp\/v2\/users\/1"}],"replies":[{"embeddable":true,"href":"https:\/\/rcrmty.com.mx\/index.php?rest_route=%2Fwp%2Fv2%2Fcomments&post=2033"}],"version-history":[{"count":3,"href":"https:\/\/rcrmty.com.mx\/index.php?rest_route=\/wp\/v2\/pages\/2033\/revisions"}],"predecessor-version":[{"id":2038,"href":"https:\/\/rcrmty.com.mx\/index.php?rest_route=\/wp\/v2\/pages\/2033\/revisions\/2038"}],"wp:attachment":[{"href":"https:\/\/rcrmty.com.mx\/index.php?rest_route=%2Fwp%2Fv2%2Fmedia&parent=2033"}],"curies":[{"name":"wp","href":"https:\/\/api.w.org\/{rel}","templated":true}]}}