{"id":1951,"date":"2025-06-24T00:30:52","date_gmt":"2025-06-24T00:30:52","guid":{"rendered":"https:\/\/rcrmty.com.mx\/?page_id=1951"},"modified":"2025-06-25T20:34:54","modified_gmt":"2025-06-25T20:34:54","slug":"inicio","status":"publish","type":"page","link":"https:\/\/rcrmty.com.mx\/","title":{"rendered":"Inicio"},"content":{"rendered":"<p>[et_pb_section fb_built=&#8221;1&#8243; _builder_version=&#8221;4.27.4&#8243; _module_preset=&#8221;default&#8221; custom_padding=&#8221;0px||2px|||&#8221; global_colors_info=&#8221;{}&#8221;][et_pb_row make_equal=&#8221;on&#8221; _builder_version=&#8221;4.27.4&#8243; _module_preset=&#8221;default&#8221; width=&#8221;100%&#8221; max_width=&#8221;100%&#8221; custom_padding=&#8221;1px||2px|||&#8221; global_colors_info=&#8221;{}&#8221;][et_pb_column type=&#8221;4_4&#8243; _builder_version=&#8221;4.27.4&#8243; _module_preset=&#8221;default&#8221; global_colors_info=&#8221;{}&#8221;][et_pb_slider _builder_version=&#8221;4.27.4&#8243; _module_preset=&#8221;default&#8221; hover_enabled=&#8221;0&#8243; global_colors_info=&#8221;{}&#8221; sticky_enabled=&#8221;0&#8243;][et_pb_slide heading=&#8221;RCR MTY&#8221; button_text=&#8221;Ver M\u00e1s&#8221; _builder_version=&#8221;4.27.4&#8243; _module_preset=&#8221;default&#8221; header_level=&#8221;h2&#8243; header_font=&#8221;||||||||&#8221; header_font_size=&#8221;73px&#8221; hover_enabled=&#8221;0&#8243; global_colors_info=&#8221;{}&#8221; sticky_transition=&#8221;on&#8221; title_text=&#8221;1&#8243; background_image=&#8221;https:\/\/rcrmty.com.mx\/wp-content\/uploads\/2025\/06\/1.png&#8221; background_enable_image=&#8221;on&#8221; use_background_color_gradient=&#8221;on&#8221; background_color_gradient_stops=&#8221;rgba(0,0,0,0.55) 0%|rgba(0,0,0,0.47) 100%&#8221; background_color_gradient_overlays_image=&#8221;on&#8221; sticky_enabled=&#8221;0&#8243;][\/et_pb_slide][et_pb_slide heading=&#8221;Nuestros Productos&#8221; button_text=&#8221;Ver M\u00e1s&#8221; _builder_version=&#8221;4.27.4&#8243; _module_preset=&#8221;default&#8221; header_level=&#8221;h2&#8243; header_font=&#8221;||||||||&#8221; header_font_size=&#8221;73px&#8221; hover_enabled=&#8221;0&#8243; global_colors_info=&#8221;{}&#8221; sticky_transition=&#8221;on&#8221; title_text=&#8221;2&#8243; background_image=&#8221;https:\/\/rcrmty.com.mx\/wp-content\/uploads\/2025\/06\/2.png&#8221; background_enable_image=&#8221;on&#8221; use_background_color_gradient=&#8221;on&#8221; background_color_gradient_overlays_image=&#8221;on&#8221; background_color_gradient_stops=&#8221;rgba(0,0,0,0.49) 0%|rgba(0,0,0,0.45) 100%&#8221; sticky_enabled=&#8221;0&#8243;][\/et_pb_slide][\/et_pb_slider][\/et_pb_column][\/et_pb_row][\/et_pb_section][et_pb_section fb_built=&#8221;1&#8243; _builder_version=&#8221;4.27.4&#8243; _module_preset=&#8221;default&#8221; custom_padding=&#8221;0px|||||&#8221; hover_enabled=&#8221;0&#8243; global_colors_info=&#8221;{}&#8221; background_enable_mask_style=&#8221;on&#8221; background_mask_style=&#8221;caret&#8221; background_mask_color=&#8221;#E6E9EC&#8221; sticky_enabled=&#8221;0&#8243;][et_pb_row _builder_version=&#8221;4.27.4&#8243; _module_preset=&#8221;default&#8221; global_colors_info=&#8221;{}&#8221; custom_padding=&#8221;67px|||||&#8221;][et_pb_column type=&#8221;4_4&#8243; _builder_version=&#8221;4.27.4&#8243; _module_preset=&#8221;default&#8221; global_colors_info=&#8221;{}&#8221;][et_pb_text _builder_version=&#8221;4.27.4&#8243; _module_preset=&#8221;default&#8221; text_text_color=&#8221;#000000&#8243; text_font_size=&#8221;18px&#8221; text_orientation=&#8221;center&#8221; hover_enabled=&#8221;0&#8243; global_colors_info=&#8221;{}&#8221; background_color=&#8221;#E6E9EC&#8221; custom_padding=&#8221;28px|14px|28px|14px|true|true&#8221; sticky_enabled=&#8221;0&#8243;]<\/p>\n<p><span>Somos distrubuidores mayoristas de\u00a0 art\u00edculos promocionales en blanco para impresi\u00f3n, adem\u00e1s contamos con servicio de serigraf\u00eda, tampograf\u00eda y grabado a calor; con equipo automatizado y un estricto control de calidad lo que garantiza un articulo promocional de excelencia.<\/span><\/p>\n<p>&nbsp;<\/p>\n<p>Vendemos solo a Agencias de publicidad e Imptrentas<\/p>\n<p>[\/et_pb_text][\/et_pb_column][\/et_pb_row][\/et_pb_section][et_pb_section fb_built=&#8221;1&#8243; theme_builder_area=&#8221;post_content&#8221; _builder_version=&#8221;4.27.4&#8243; _module_preset=&#8221;default&#8221; background_enable_pattern_style=&#8221;on&#8221; background_pattern_style=&#8221;inverted-chevrons-2&#8243; background_pattern_color=&#8221;rgba(0,0,0,0.02)&#8221; hover_enabled=&#8221;0&#8243; sticky_enabled=&#8221;0&#8243;][et_pb_row _builder_version=&#8221;4.27.4&#8243; _module_preset=&#8221;default&#8221; theme_builder_area=&#8221;post_content&#8221;][et_pb_column _builder_version=&#8221;4.27.4&#8243; _module_preset=&#8221;default&#8221; type=&#8221;4_4&#8243; theme_builder_area=&#8221;post_content&#8221;][et_pb_text _builder_version=&#8221;4.27.4&#8243; _module_preset=&#8221;default&#8221; theme_builder_area=&#8221;post_content&#8221; header_font=&#8221;Poppins||||||||&#8221; header_text_align=&#8221;center&#8221; hover_enabled=&#8221;0&#8243; sticky_enabled=&#8221;0&#8243;]<\/p>\n<h1>Art\u00edculos Recientes<\/h1>\n<p>[\/et_pb_text][et_pb_divider _builder_version=&#8221;4.27.4&#8243; _module_preset=&#8221;default&#8221; theme_builder_area=&#8221;post_content&#8221; color=&#8221;#012AB2&#8243; divider_weight=&#8221;3px&#8221; hover_enabled=&#8221;0&#8243; sticky_enabled=&#8221;0&#8243;][\/et_pb_divider][et_pb_shop _builder_version=&#8221;4.27.4&#8243; _module_preset=&#8221;default&#8221; theme_builder_area=&#8221;post_content&#8221; title_font=&#8221;Poppins|500|||||||&#8221; title_font_size=&#8221;17px&#8221; border_color_bottom=&#8221;RGBA(255,255,255,0)&#8221; title_text_align=&#8221;center&#8221; border_width_bottom_sale_badge=&#8221;9px&#8221; border_color_bottom_sale_badge=&#8221;#FDB42D&#8221; border_width_bottom_image=&#8221;2px&#8221; border_color_bottom_image=&#8221;#012AB2&#8243; hover_enabled=&#8221;0&#8243; sticky_enabled=&#8221;0&#8243;][\/et_pb_shop][\/et_pb_column][\/et_pb_row][\/et_pb_section][et_pb_section fb_built=&#8221;1&#8243; theme_builder_area=&#8221;post_content&#8221; _builder_version=&#8221;4.27.4&#8243; _module_preset=&#8221;default&#8221;][et_pb_row _builder_version=&#8221;4.27.4&#8243; _module_preset=&#8221;default&#8221; theme_builder_area=&#8221;post_content&#8221; locked=&#8221;off&#8221;][et_pb_column _builder_version=&#8221;4.27.4&#8243; _module_preset=&#8221;default&#8221; type=&#8221;4_4&#8243; theme_builder_area=&#8221;post_content&#8221;][et_pb_text _builder_version=&#8221;4.27.4&#8243; _module_preset=&#8221;default&#8221; theme_builder_area=&#8221;post_content&#8221; header_font=&#8221;Poppins||||||||&#8221; header_text_align=&#8221;center&#8221; hover_enabled=&#8221;0&#8243; sticky_enabled=&#8221;0&#8243;]<\/p>\n<h1>Nuestras Categor\u00edas<\/h1>\n<p>[\/et_pb_text][et_pb_divider _builder_version=&#8221;4.27.4&#8243; _module_preset=&#8221;default&#8221; theme_builder_area=&#8221;post_content&#8221; color=&#8221;#012AB2&#8243; divider_weight=&#8221;3px&#8221; hover_enabled=&#8221;0&#8243; sticky_enabled=&#8221;0&#8243;][\/et_pb_divider][\/et_pb_column][\/et_pb_row][et_pb_row _builder_version=&#8221;4.27.4&#8243; _module_preset=&#8221;default&#8221; theme_builder_area=&#8221;post_content&#8221; column_structure=&#8221;1_2,1_2&#8243; hover_enabled=&#8221;0&#8243; sticky_enabled=&#8221;0&#8243;][et_pb_column _builder_version=&#8221;4.27.4&#8243; _module_preset=&#8221;default&#8221; type=&#8221;1_2&#8243; theme_builder_area=&#8221;post_content&#8221;][et_pb_blurb title=&#8221;Antiestr\u00e9s&#8221; _builder_version=&#8221;4.27.4&#8243; _module_preset=&#8221;default&#8221; theme_builder_area=&#8221;post_content&#8221; use_icon=&#8221;on&#8221; font_icon=&#8221;&#xe031;||divi||400&#8243; icon_color=&#8221;#2537c4&#8243; icon_placement=&#8221;left&#8221; hover_enabled=&#8221;0&#8243; sticky_enabled=&#8221;0&#8243; header_font=&#8221;Poppins|500|||||||&#8221; header_font_size=&#8221;20px&#8221; header_line_height=&#8221;1.9em&#8221;][\/et_pb_blurb][et_pb_blurb title=&#8221;Bol\u00edgrafos Ecol\u00f3gicos&#8221; _builder_version=&#8221;4.27.4&#8243; _module_preset=&#8221;default&#8221; theme_builder_area=&#8221;post_content&#8221; use_icon=&#8221;on&#8221; font_icon=&#8221;&#xe031;||divi||400&#8243; icon_color=&#8221;#2537c4&#8243; icon_placement=&#8221;left&#8221; hover_enabled=&#8221;0&#8243; sticky_enabled=&#8221;0&#8243; header_font=&#8221;Poppins|500|||||||&#8221; header_font_size=&#8221;20px&#8221; header_line_height=&#8221;1.9em&#8221;][\/et_pb_blurb][et_pb_blurb title=&#8221;Bol\u00edgrafos Met\u00e1licos&#8221; _builder_version=&#8221;4.27.4&#8243; _module_preset=&#8221;default&#8221; theme_builder_area=&#8221;post_content&#8221; use_icon=&#8221;on&#8221; font_icon=&#8221;&#xe031;||divi||400&#8243; icon_color=&#8221;#2537c4&#8243; icon_placement=&#8221;left&#8221; hover_enabled=&#8221;0&#8243; sticky_enabled=&#8221;0&#8243; header_font=&#8221;Poppins|500|||||||&#8221; header_font_size=&#8221;20px&#8221; header_line_height=&#8221;1.9em&#8221;][\/et_pb_blurb][et_pb_blurb title=&#8221;Bol\u00edgrafos multifuncionales&#8221; _builder_version=&#8221;4.27.4&#8243; _module_preset=&#8221;default&#8221; theme_builder_area=&#8221;post_content&#8221; use_icon=&#8221;on&#8221; font_icon=&#8221;&#xe031;||divi||400&#8243; icon_color=&#8221;#2537c4&#8243; icon_placement=&#8221;left&#8221; hover_enabled=&#8221;0&#8243; sticky_enabled=&#8221;0&#8243; header_font=&#8221;Poppins|500|||||||&#8221; header_font_size=&#8221;20px&#8221; header_line_height=&#8221;1.9em&#8221;][\/et_pb_blurb][et_pb_blurb title=&#8221;Bolsas, Maletas, Paraguas y Texto&#8221; _builder_version=&#8221;4.27.4&#8243; _module_preset=&#8221;default&#8221; theme_builder_area=&#8221;post_content&#8221; use_icon=&#8221;on&#8221; font_icon=&#8221;&#xe031;||divi||400&#8243; icon_color=&#8221;#2537c4&#8243; icon_placement=&#8221;left&#8221; hover_enabled=&#8221;0&#8243; sticky_enabled=&#8221;0&#8243; header_font=&#8221;Poppins|500|||||||&#8221; header_font_size=&#8221;20px&#8221; header_line_height=&#8221;1.9em&#8221;][\/et_pb_blurb][et_pb_blurb title=&#8221;Cuidado Personal y Belleza&#8221; _builder_version=&#8221;4.27.4&#8243; _module_preset=&#8221;default&#8221; theme_builder_area=&#8221;post_content&#8221; use_icon=&#8221;on&#8221; font_icon=&#8221;&#xe031;||divi||400&#8243; icon_color=&#8221;#2537c4&#8243; icon_placement=&#8221;left&#8221; hover_enabled=&#8221;0&#8243; sticky_enabled=&#8221;0&#8243; header_font=&#8221;Poppins|500|||||||&#8221; header_font_size=&#8221;20px&#8221; header_line_height=&#8221;1.9em&#8221;][\/et_pb_blurb][et_pb_blurb title=&#8221;Ecol\u00f3gicos&#8221; _builder_version=&#8221;4.27.4&#8243; _module_preset=&#8221;default&#8221; theme_builder_area=&#8221;post_content&#8221; use_icon=&#8221;on&#8221; font_icon=&#8221;&#xe031;||divi||400&#8243; icon_color=&#8221;#2537c4&#8243; icon_placement=&#8221;left&#8221; hover_enabled=&#8221;0&#8243; sticky_enabled=&#8221;0&#8243; header_font=&#8221;Poppins|500|||||||&#8221; header_font_size=&#8221;20px&#8221; header_line_height=&#8221;1.9em&#8221;][\/et_pb_blurb][et_pb_blurb title=&#8221;Encendedores&#8221; _builder_version=&#8221;4.27.4&#8243; _module_preset=&#8221;default&#8221; theme_builder_area=&#8221;post_content&#8221; use_icon=&#8221;on&#8221; font_icon=&#8221;&#xe031;||divi||400&#8243; icon_color=&#8221;#2537c4&#8243; icon_placement=&#8221;left&#8221; hover_enabled=&#8221;0&#8243; sticky_enabled=&#8221;0&#8243; header_font=&#8221;Poppins|500|||||||&#8221; header_font_size=&#8221;20px&#8221; header_line_height=&#8221;1.9em&#8221;][\/et_pb_blurb][et_pb_blurb title=&#8221;Maquinas y Suministros&#8221; _builder_version=&#8221;4.27.4&#8243; _module_preset=&#8221;default&#8221; theme_builder_area=&#8221;post_content&#8221; use_icon=&#8221;on&#8221; font_icon=&#8221;&#xe031;||divi||400&#8243; icon_color=&#8221;#2537c4&#8243; icon_placement=&#8221;left&#8221; hover_enabled=&#8221;0&#8243; sticky_enabled=&#8221;0&#8243; header_font=&#8221;Poppins|500|||||||&#8221; header_font_size=&#8221;20px&#8221; header_line_height=&#8221;1.9em&#8221;][\/et_pb_blurb][et_pb_blurb title=&#8221;Gorras&#8221; _builder_version=&#8221;4.27.4&#8243; _module_preset=&#8221;default&#8221; theme_builder_area=&#8221;post_content&#8221; use_icon=&#8221;on&#8221; font_icon=&#8221;&#xe031;||divi||400&#8243; icon_color=&#8221;#2537c4&#8243; icon_placement=&#8221;left&#8221; hover_enabled=&#8221;0&#8243; sticky_enabled=&#8221;0&#8243; header_font=&#8221;Poppins|500|||||||&#8221; header_font_size=&#8221;20px&#8221; header_line_height=&#8221;1.9em&#8221;][\/et_pb_blurb][et_pb_blurb title=&#8221;Escolar y Oficina&#8221; _builder_version=&#8221;4.27.4&#8243; _module_preset=&#8221;default&#8221; theme_builder_area=&#8221;post_content&#8221; use_icon=&#8221;on&#8221; font_icon=&#8221;&#xe031;||divi||400&#8243; icon_color=&#8221;#2537c4&#8243; icon_placement=&#8221;left&#8221; hover_enabled=&#8221;0&#8243; sticky_enabled=&#8221;0&#8243; header_font=&#8221;Poppins|500|||||||&#8221; header_font_size=&#8221;20px&#8221; header_line_height=&#8221;1.9em&#8221;][\/et_pb_blurb][\/et_pb_column][et_pb_column _builder_version=&#8221;4.27.4&#8243; _module_preset=&#8221;default&#8221; type=&#8221;1_2&#8243; theme_builder_area=&#8221;post_content&#8221;][et_pb_blurb title=&#8221;Hogar, mascotas y Regalos&#8221; _builder_version=&#8221;4.27.4&#8243; _module_preset=&#8221;default&#8221; theme_builder_area=&#8221;post_content&#8221; use_icon=&#8221;on&#8221; font_icon=&#8221;&#xe031;||divi||400&#8243; icon_color=&#8221;#2537c4&#8243; icon_placement=&#8221;left&#8221; hover_enabled=&#8221;0&#8243; sticky_enabled=&#8221;0&#8243; header_font=&#8221;Poppins|500|||||||&#8221; header_font_size=&#8221;20px&#8221; header_line_height=&#8221;1.9em&#8221;][\/et_pb_blurb][et_pb_blurb title=&#8221;Navajas, linternas y Herramientas&#8221; _builder_version=&#8221;4.27.4&#8243; _module_preset=&#8221;default&#8221; theme_builder_area=&#8221;post_content&#8221; use_icon=&#8221;on&#8221; font_icon=&#8221;&#xe031;||divi||400&#8243; icon_color=&#8221;#2537c4&#8243; icon_placement=&#8221;left&#8221; hover_enabled=&#8221;0&#8243; sticky_enabled=&#8221;0&#8243; header_font=&#8221;Poppins|500|||||||&#8221; header_font_size=&#8221;20px&#8221; header_line_height=&#8221;1.9em&#8221;][\/et_pb_blurb][et_pb_blurb title=&#8221;Tazas, termos, vasos y cilindros&#8221; _builder_version=&#8221;4.27.4&#8243; _module_preset=&#8221;default&#8221; theme_builder_area=&#8221;post_content&#8221; use_icon=&#8221;on&#8221; font_icon=&#8221;&#xe031;||divi||400&#8243; icon_color=&#8221;#2537c4&#8243; icon_placement=&#8221;left&#8221; hover_enabled=&#8221;0&#8243; sticky_enabled=&#8221;0&#8243; header_font=&#8221;Poppins|500|||||||&#8221; header_font_size=&#8221;20px&#8221; header_line_height=&#8221;1.9em&#8221;][\/et_pb_blurb][et_pb_blurb title=&#8221;Tecnolog\u00eda y Diversi\u00f3n&#8221; _builder_version=&#8221;4.27.4&#8243; _module_preset=&#8221;default&#8221; theme_builder_area=&#8221;post_content&#8221; use_icon=&#8221;on&#8221; font_icon=&#8221;&#xe031;||divi||400&#8243; icon_color=&#8221;#2537c4&#8243; icon_placement=&#8221;left&#8221; hover_enabled=&#8221;0&#8243; sticky_enabled=&#8221;0&#8243; header_font=&#8221;Poppins|500|||||||&#8221; header_font_size=&#8221;20px&#8221; header_line_height=&#8221;1.9em&#8221;][\/et_pb_blurb][et_pb_blurb title=&#8221;Relojes&#8221; _builder_version=&#8221;4.27.4&#8243; _module_preset=&#8221;default&#8221; theme_builder_area=&#8221;post_content&#8221; use_icon=&#8221;on&#8221; font_icon=&#8221;&#xe031;||divi||400&#8243; icon_color=&#8221;#2537c4&#8243; icon_placement=&#8221;left&#8221; hover_enabled=&#8221;0&#8243; sticky_enabled=&#8221;0&#8243; header_font=&#8221;Poppins|500|||||||&#8221; header_font_size=&#8221;20px&#8221; header_line_height=&#8221;1.9em&#8221;][\/et_pb_blurb][et_pb_blurb title=&#8221;Bol\u00edgrafos Pl\u00e1sticos&#8221; _builder_version=&#8221;4.27.4&#8243; _module_preset=&#8221;default&#8221; theme_builder_area=&#8221;post_content&#8221; use_icon=&#8221;on&#8221; font_icon=&#8221;&#xe031;||divi||400&#8243; icon_color=&#8221;#2537c4&#8243; icon_placement=&#8221;left&#8221; hover_enabled=&#8221;0&#8243; sticky_enabled=&#8221;0&#8243; header_font=&#8221;Poppins|500|||||||&#8221; header_font_size=&#8221;20px&#8221; header_line_height=&#8221;1.9em&#8221;][\/et_pb_blurb][et_pb_blurb title=&#8221;Llaveros Y destapadores&#8221; _builder_version=&#8221;4.27.4&#8243; _module_preset=&#8221;default&#8221; theme_builder_area=&#8221;post_content&#8221; use_icon=&#8221;on&#8221; font_icon=&#8221;&#xe031;||divi||400&#8243; icon_color=&#8221;#2537c4&#8243; icon_placement=&#8221;left&#8221; hover_enabled=&#8221;0&#8243; sticky_enabled=&#8221;0&#8243; header_font=&#8221;Poppins|500|||||||&#8221; header_font_size=&#8221;20px&#8221; header_line_height=&#8221;1.9em&#8221;][\/et_pb_blurb][et_pb_blurb title=&#8221;Agendas 2020&#8243; _builder_version=&#8221;4.27.4&#8243; _module_preset=&#8221;default&#8221; theme_builder_area=&#8221;post_content&#8221; use_icon=&#8221;on&#8221; font_icon=&#8221;&#xe031;||divi||400&#8243; icon_color=&#8221;#2537c4&#8243; icon_placement=&#8221;left&#8221; hover_enabled=&#8221;0&#8243; sticky_enabled=&#8221;0&#8243; header_font=&#8221;Poppins|500|||||||&#8221; header_font_size=&#8221;20px&#8221; header_line_height=&#8221;1.9em&#8221;][\/et_pb_blurb][et_pb_blurb title=&#8221;Mecanismos para Reloj&#8221; _builder_version=&#8221;4.27.4&#8243; _module_preset=&#8221;default&#8221; theme_builder_area=&#8221;post_content&#8221; use_icon=&#8221;on&#8221; font_icon=&#8221;&#xe031;||divi||400&#8243; icon_color=&#8221;#2537c4&#8243; icon_placement=&#8221;left&#8221; hover_enabled=&#8221;0&#8243; sticky_enabled=&#8221;0&#8243; header_font=&#8221;Poppins|500|||||||&#8221; header_font_size=&#8221;20px&#8221; header_line_height=&#8221;1.9em&#8221;][\/et_pb_blurb][et_pb_blurb title=&#8221;Varios&#8221; _builder_version=&#8221;4.27.4&#8243; _module_preset=&#8221;default&#8221; theme_builder_area=&#8221;post_content&#8221; use_icon=&#8221;on&#8221; font_icon=&#8221;&#xe031;||divi||400&#8243; icon_color=&#8221;#2537c4&#8243; icon_placement=&#8221;left&#8221; hover_enabled=&#8221;0&#8243; sticky_enabled=&#8221;0&#8243; header_font=&#8221;Poppins|500|||||||&#8221; header_font_size=&#8221;20px&#8221; header_line_height=&#8221;1.9em&#8221;][\/et_pb_blurb][et_pb_image src=&#8221;https:\/\/rcrmty.com.mx\/wp-content\/uploads\/2025\/06\/logo-1-1.jpg&#8221; _builder_version=&#8221;4.27.4&#8243; _module_preset=&#8221;default&#8221; theme_builder_area=&#8221;post_content&#8221; title_text=&#8221;logo-1&#8243; hover_enabled=&#8221;0&#8243; sticky_enabled=&#8221;0&#8243;][\/et_pb_image][\/et_pb_column][\/et_pb_row][\/et_pb_section]<\/p>\n","protected":false},"excerpt":{"rendered":"<p>Somos distrubuidores mayoristas de\u00a0 art\u00edculos promocionales en blanco para impresi\u00f3n, adem\u00e1s contamos con servicio de serigraf\u00eda, tampograf\u00eda y grabado a calor; con equipo automatizado y un estricto control de calidad lo que garantiza un articulo promocional de excelencia. &nbsp; Vendemos solo a Agencias de publicidad e ImptrentasArt\u00edculos RecientesNuestras Categor\u00edas<\/p>\n","protected":false},"author":1,"featured_media":0,"parent":0,"menu_order":0,"comment_status":"closed","ping_status":"closed","template":"","meta":{"_et_pb_use_builder":"on","_et_pb_old_content":"","_et_gb_content_width":"","footnotes":""},"class_list":["post-1951","page","type-page","status-publish","hentry"],"_links":{"self":[{"href":"https:\/\/rcrmty.com.mx\/index.php?rest_route=\/wp\/v2\/pages\/1951","targetHints":{"allow":["GET"]}}],"collection":[{"href":"https:\/\/rcrmty.com.mx\/index.php?rest_route=\/wp\/v2\/pages"}],"about":[{"href":"https:\/\/rcrmty.com.mx\/index.php?rest_route=\/wp\/v2\/types\/page"}],"author":[{"embeddable":true,"href":"https:\/\/rcrmty.com.mx\/index.php?rest_route=\/wp\/v2\/users\/1"}],"replies":[{"embeddable":true,"href":"https:\/\/rcrmty.com.mx\/index.php?rest_route=%2Fwp%2Fv2%2Fcomments&post=1951"}],"version-history":[{"count":5,"href":"https:\/\/rcrmty.com.mx\/index.php?rest_route=\/wp\/v2\/pages\/1951\/revisions"}],"predecessor-version":[{"id":2032,"href":"https:\/\/rcrmty.com.mx\/index.php?rest_route=\/wp\/v2\/pages\/1951\/revisions\/2032"}],"wp:attachment":[{"href":"https:\/\/rcrmty.com.mx\/index.php?rest_route=%2Fwp%2Fv2%2Fmedia&parent=1951"}],"curies":[{"name":"wp","href":"https:\/\/api.w.org\/{rel}","templated":true}]}}